{"id":966,"date":"2025-08-25T10:55:41","date_gmt":"2025-08-25T08:55:41","guid":{"rendered":"https:\/\/lacarapace.com\/?page_id=966"},"modified":"2025-10-27T19:19:25","modified_gmt":"2025-10-27T18:19:25","slug":"lequipe-de-depart","status":"publish","type":"page","link":"https:\/\/lacarapace.com\/?page_id=966","title":{"rendered":"L&rsquo;\u00e9quipe de d\u00e9part"},"content":{"rendered":"\n<p>Le groupe de personnes \u00e0 l&rsquo;initiative du projet est compos\u00e9 de personnes ayant des parcours et r\u00e9alit\u00e9s h\u00e9t\u00e9roclites, partageant des valeurs d&rsquo;entraide, de mutualisme et d&rsquo;auto-organisation.<\/p>\n\n\n\n<p>Certain.e.s d&rsquo;entre nous sont actifs-ves dans le tissu associatif local, d&rsquo;autres ont juste envie de participer \u00e0 une dynamique d&rsquo;entraide commune et de faire ensemble. On retrouve ainsi des personnes qui participent au Bon plan (\u00e9picerie autog\u00e9r\u00e9e de Bellenaves). D&rsquo;autres sont actifs-ves \u00e0 la radio locale Radio Coquelicot d&rsquo;Ebreuil, \u00e0 la salle de musique autog\u00e9r\u00e9e de Chantelle, au caf\u00e9 associatif Baba Yaga de Chantelle, d&rsquo;autres sont actifs-ves dans les diff\u00e9rents syndicat d&#8217;employ\u00e9.e.s Vichyssois, d&rsquo;autres s&rsquo;organisent dans le sport populaire \u00e0 la F\u00e9d\u00e9ration Sportive Gymnique du Travail (FSGT), d&rsquo;autres encore oeuvrent&nbsp; dans diff\u00e9rentes structures de logement d&rsquo;urgence et temporaire du sud-Allier. <\/p>\n\n\n\n<p>La majorit\u00e9 d&rsquo;entre nous habitent \u00e0 moins de 20 kms de Bellenaves mais nous participons \u00e0 d&rsquo;autres projets collectifs comme Lokara \u00e0 Mazerier (03).<\/p>\n\n\n\n<p>Le groupe de d\u00e9part compte 16 membres.<\/p>\n","protected":false},"excerpt":{"rendered":"<p>Le groupe de personnes \u00e0 l&rsquo;initiative du projet est compos\u00e9 de personnes ayant des parcours et r\u00e9alit\u00e9s h\u00e9t\u00e9roclites, partageant des valeurs d&rsquo;entraide, de mutualisme et d&rsquo;auto-organisation. Certain.e.s d&rsquo;entre nous sont actifs-ves dans le tissu associatif local, d&rsquo;autres ont juste envie de participer \u00e0 une dynamique d&rsquo;entraide commune et de faire ensemble. On retrouve ainsi des [&hellip;]<\/p>\n","protected":false},"author":1,"featured_media":0,"parent":0,"menu_order":0,"comment_status":"closed","ping_status":"closed","template":"","meta":{"footnotes":""},"class_list":["post-966","page","type-page","status-publish","hentry"],"_links":{"self":[{"href":"https:\/\/lacarapace.com\/index.php?rest_route=\/wp\/v2\/pages\/966","targetHints":{"allow":["GET"]}}],"collection":[{"href":"https:\/\/lacarapace.com\/index.php?rest_route=\/wp\/v2\/pages"}],"about":[{"href":"https:\/\/lacarapace.com\/index.php?rest_route=\/wp\/v2\/types\/page"}],"author":[{"embeddable":true,"href":"https:\/\/lacarapace.com\/index.php?rest_route=\/wp\/v2\/users\/1"}],"replies":[{"embeddable":true,"href":"https:\/\/lacarapace.com\/index.php?rest_route=%2Fwp%2Fv2%2Fcomments&post=966"}],"version-history":[{"count":2,"href":"https:\/\/lacarapace.com\/index.php?rest_route=\/wp\/v2\/pages\/966\/revisions"}],"predecessor-version":[{"id":1140,"href":"https:\/\/lacarapace.com\/index.php?rest_route=\/wp\/v2\/pages\/966\/revisions\/1140"}],"wp:attachment":[{"href":"https:\/\/lacarapace.com\/index.php?rest_route=%2Fwp%2Fv2%2Fmedia&parent=966"}],"curies":[{"name":"wp","href":"https:\/\/api.w.org\/{rel}","templated":true}]}}