{"id":962,"date":"2025-08-25T10:53:42","date_gmt":"2025-08-25T08:53:42","guid":{"rendered":"https:\/\/lacarapace.com\/?page_id=962"},"modified":"2025-08-25T10:53:42","modified_gmt":"2025-08-25T08:53:42","slug":"quelle-structuration-pour-fonctionner","status":"publish","type":"page","link":"https:\/\/lacarapace.com\/?page_id=962","title":{"rendered":"Quelle structuration pour fonctionner?"},"content":{"rendered":"\n<p>Une association propri\u00e9taire et une association gestionnaire structurent l\u2019acc\u00e8s aux logements.<\/p>\n\n\n\n<h2 class=\"wp-block-heading\"><strong>La Carapace de Bellenaves, association propri\u00e9taire.<\/strong><\/h2>\n\n\n\n<p>L\u2019association a \u00e9t\u00e9 cr\u00e9\u00e9e le 15 avril 2025 et son RNA&nbsp; est le W033007969. Contacts&nbsp;: <a href=\"mailto:carapace.prop@gmail.com\">carapace.prop@gmail.com<\/a>&nbsp; 06 24 03 38 17<\/p>\n\n\n\n<p>L\u2019association La Carapace a pour objet de favoriser l\u2019acc\u00e8s \u00e0 des logements abordables, de qualit\u00e9, \u00e0 destination de personnes aux revenus modestes. Ces logements se veulent \u00e9cologiques et ouverts \u00e0 une gestion participative par leurs habitantes et habitants.<\/p>\n\n\n\n<p>Pour ce faire, l\u2019association collecte des fonds en vue de l\u2019acquisition de biens immobiliers. Elle inscrit son action dans une dynamique de d\u00e9veloppement des biens communs fonciers.<\/p>\n\n\n\n<p>Sa mission comprend notamment :<\/p>\n\n\n\n<ul class=\"wp-block-list\">\n<li>La promotion de l&rsquo;entraide et de la solidarit\u00e9 entre ses membres, via la mutualisation des comp\u00e9tences et des moyens,<\/li>\n\n\n\n<li>La cr\u00e9ation, l\u2019animation et la gestion de lieux ancr\u00e9s localement, accueillant des personnes physiques ou morales,<\/li>\n\n\n\n<li>Une attention particuli\u00e8re port\u00e9e \u00e0 l\u2019impact environnemental et \u00e0 l\u2019accessibilit\u00e9 des activit\u00e9s men\u00e9es,<\/li>\n\n\n\n<li>Un fonctionnement fond\u00e9 sur des principes horizontaux et participatifs,<\/li>\n\n\n\n<li>L\u2019engagement \u00e0 soustraire durablement les logements et le capital de l\u2019association aux logiques de sp\u00e9culation immobili\u00e8re et financi\u00e8re.<\/li>\n<\/ul>\n\n\n\n<p>L\u2019adh\u00e9sion est ouverte \u00e0 toute personne adh\u00e9rant aux pr\u00e9sents statuts et au r\u00e8glement int\u00e9rieur, y compris les mineur.e.s et personnes morales. L\u2019association est compos\u00e9e de membres actifs-ves, directement impliqu\u00e9s dans les activit\u00e9s et la gouvernance de l\u2019association et de membres soutiens, des personnes ou entit\u00e9s apportant un soutien ponctuel sans participation d\u00e9cisionnelle.<\/p>\n\n\n\n<p>Les ressources de l\u2019association comprennent :<\/p>\n\n\n\n<ul class=\"wp-block-list\">\n<li>Les apports b\u00e9n\u00e9voles,<\/li>\n\n\n\n<li>Les cotisations,<\/li>\n\n\n\n<li>Les dons (de membres ou de tiers),<\/li>\n\n\n\n<li>Les subventions publiques,<\/li>\n\n\n\n<li>Les apports associatifs \u00e0 droit de reprise,<\/li>\n\n\n\n<li>Les recettes issues de ventes de produits ou services,<\/li>\n\n\n\n<li>Toute autre ressource autoris\u00e9e par la loi, en accord avec les valeurs de l\u2019association.<\/li>\n<\/ul>\n\n\n\n<p>L\u2019association est administr\u00e9e par une direction coll\u00e9giale, qui comprend des personnes physiques majeures, membres actifs.ves. Tous ses membres sont co-pr\u00e9sidents.La dissolution de l\u2019association ne peut \u00eatre d\u00e9cid\u00e9e que par l\u2019Assembl\u00e9e G\u00e9n\u00e9rale Extraordinaire, \u00e0 l\u2019unanimit\u00e9 des membres actifs\u00b7ves.<\/p>\n\n\n\n<h2 class=\"wp-block-heading\"><strong>L\u2019association gestionnaire.\u00a0<\/strong><\/h2>\n\n\n\n<p>En cours de cr\u00e9ation, l\u2019association gestionnaire d\u00e9finira les r\u00e8gles de fonctionnement avec les habitant.e.s ou les associations partenaires (gestion des demandes, gestion des loyers, de la participation habitante etc).&nbsp;<\/p>\n","protected":false},"excerpt":{"rendered":"<p>Une association propri\u00e9taire et une association gestionnaire structurent l\u2019acc\u00e8s aux logements. La Carapace de Bellenaves, association propri\u00e9taire. L\u2019association a \u00e9t\u00e9 cr\u00e9\u00e9e le 15 avril 2025 et son RNA&nbsp; est le W033007969. Contacts&nbsp;: carapace.prop@gmail.com&nbsp; 06 24 03 38 17 L\u2019association La Carapace a pour objet de favoriser l\u2019acc\u00e8s \u00e0 des logements abordables, de qualit\u00e9, \u00e0 destination [&hellip;]<\/p>\n","protected":false},"author":1,"featured_media":0,"parent":0,"menu_order":0,"comment_status":"closed","ping_status":"closed","template":"","meta":{"footnotes":""},"class_list":["post-962","page","type-page","status-publish","hentry"],"_links":{"self":[{"href":"https:\/\/lacarapace.com\/index.php?rest_route=\/wp\/v2\/pages\/962","targetHints":{"allow":["GET"]}}],"collection":[{"href":"https:\/\/lacarapace.com\/index.php?rest_route=\/wp\/v2\/pages"}],"about":[{"href":"https:\/\/lacarapace.com\/index.php?rest_route=\/wp\/v2\/types\/page"}],"author":[{"embeddable":true,"href":"https:\/\/lacarapace.com\/index.php?rest_route=\/wp\/v2\/users\/1"}],"replies":[{"embeddable":true,"href":"https:\/\/lacarapace.com\/index.php?rest_route=%2Fwp%2Fv2%2Fcomments&post=962"}],"version-history":[{"count":1,"href":"https:\/\/lacarapace.com\/index.php?rest_route=\/wp\/v2\/pages\/962\/revisions"}],"predecessor-version":[{"id":963,"href":"https:\/\/lacarapace.com\/index.php?rest_route=\/wp\/v2\/pages\/962\/revisions\/963"}],"wp:attachment":[{"href":"https:\/\/lacarapace.com\/index.php?rest_route=%2Fwp%2Fv2%2Fmedia&parent=962"}],"curies":[{"name":"wp","href":"https:\/\/api.w.org\/{rel}","templated":true}]}}