{"id":958,"date":"2025-08-25T10:52:08","date_gmt":"2025-08-25T08:52:08","guid":{"rendered":"https:\/\/lacarapace.com\/?page_id=958"},"modified":"2025-10-14T10:09:48","modified_gmt":"2025-10-14T08:09:48","slug":"une-carapace-de-quelle-nature","status":"publish","type":"page","link":"https:\/\/lacarapace.com\/?page_id=958","title":{"rendered":"Une carapace? De Quelle nature?"},"content":{"rendered":"\n<h2 class=\"wp-block-heading\"><strong>Les caract\u00e9ristiques<\/strong><\/h2>\n\n\n\n<p>La Carapace est un b\u00e2timent de plain-pied de 250m2 environ qui a \u00e9t\u00e9 construit dans les ann\u00e9es 80. Il dispose d&rsquo;une belle pi\u00e8ce commune de 60m2 et d&rsquo;une cour agr\u00e9able de 50m2. Ce b\u00e2timent loge 9 studios ind\u00e9pendants de 17,5 m2 \u00e9quip\u00e9s de cuisine et salle d&rsquo;eau, avec terrasse de 15m2. L\u2019ensemble est isol\u00e9 et \u00e9quip\u00e9 pour les personnes \u00e0 mobilit\u00e9 r\u00e9duite.&nbsp;&nbsp;<\/p>\n\n\n\n<h2 class=\"wp-block-heading\"><strong>Le public vis\u00e9<\/strong><\/h2>\n\n\n\n<p>Nous voulons faire de La Carapace un endroit d&rsquo;habitation pour exister, habiter ou se reposer. \u00catre ainsi une r\u00e9ponse protectrice pour ceux d&rsquo;entre nous qui restent sur le carreau du d\u00e9veloppement \u00e9conomique. Que ce soit en raison des ressources, de la hausse d\u00e9lirante des loyers et du prix de l&rsquo;immobilier ou de l\u2019arriv\u00e9e de cat\u00e9gories sociales qui poussent les classes plus populaires \u201cplus loin\u201d. Nous cr\u00e9erons des habitats \u00e0 des prix non lucratifs pour des s\u00e9jours de passages, temporaires, durables o\u00f9 cohabiteront nos concitoyens qui ont besoin d&rsquo;un logement pour une nuit, une semaine, un mois, une ann\u00e9e\u2026<\/p>\n\n\n\n<h2 class=\"wp-block-heading\"><strong>La gestion participative<\/strong><\/h2>\n\n\n\n<p>Pour l&rsquo;instant, le mode de propri\u00e9t\u00e9 collective retenu pour La Carapace est une association de propri\u00e9taires et une association d&rsquo;usagers. Ces associations garantissent la bonne utilisation du site et, par leurs statuts et leur fonctionnement coll\u00e9gial, \u00e9vitent la concentration des pouvoirs d\u00e9cisionnels. D&rsquo;autres associations existantes graviteront autour de La Carapace pour apporter leur soutien ou d\u00e9velopper des projets.<\/p>\n\n\n\n<p>Nous envisageons La Carapace comme une extension de nos exp\u00e9riences actuelles, ainsi qu&rsquo;un lieu d&rsquo;avenir d\u00e9sirable, construit sur un socle clair de r\u00e9sistance \u00e0 toute forme de domination et de discrimination. Dans le contexte actuel de morosit\u00e9, se f\u00e9d\u00e9rer, s&rsquo;auto-organiser et construire des projets \u00e0 long terme sont essentiels pour nous. Le site adoptera la forme juridique d&rsquo;une propri\u00e9t\u00e9 collective et commune afin d&rsquo;assurer sa viabilit\u00e9 \u00e0 long terme et de le lib\u00e9rer du r\u00e9gime de la propri\u00e9t\u00e9 priv\u00e9e et du march\u00e9 immobilier.<\/p>\n\n\n\n<p><\/p>\n\n\n\n<p><\/p>\n","protected":false},"excerpt":{"rendered":"<p>Les caract\u00e9ristiques La Carapace est un b\u00e2timent de plain-pied de 250m2 environ qui a \u00e9t\u00e9 construit dans les ann\u00e9es 80. Il dispose d&rsquo;une belle pi\u00e8ce commune de 60m2 et d&rsquo;une cour agr\u00e9able de 50m2. Ce b\u00e2timent loge 9 studios ind\u00e9pendants de 17,5 m2 \u00e9quip\u00e9s de cuisine et salle d&rsquo;eau, avec terrasse de 15m2. L\u2019ensemble est [&hellip;]<\/p>\n","protected":false},"author":1,"featured_media":0,"parent":0,"menu_order":0,"comment_status":"closed","ping_status":"closed","template":"","meta":{"footnotes":""},"class_list":["post-958","page","type-page","status-publish","hentry"],"_links":{"self":[{"href":"https:\/\/lacarapace.com\/index.php?rest_route=\/wp\/v2\/pages\/958","targetHints":{"allow":["GET"]}}],"collection":[{"href":"https:\/\/lacarapace.com\/index.php?rest_route=\/wp\/v2\/pages"}],"about":[{"href":"https:\/\/lacarapace.com\/index.php?rest_route=\/wp\/v2\/types\/page"}],"author":[{"embeddable":true,"href":"https:\/\/lacarapace.com\/index.php?rest_route=\/wp\/v2\/users\/1"}],"replies":[{"embeddable":true,"href":"https:\/\/lacarapace.com\/index.php?rest_route=%2Fwp%2Fv2%2Fcomments&post=958"}],"version-history":[{"count":3,"href":"https:\/\/lacarapace.com\/index.php?rest_route=\/wp\/v2\/pages\/958\/revisions"}],"predecessor-version":[{"id":1028,"href":"https:\/\/lacarapace.com\/index.php?rest_route=\/wp\/v2\/pages\/958\/revisions\/1028"}],"wp:attachment":[{"href":"https:\/\/lacarapace.com\/index.php?rest_route=%2Fwp%2Fv2%2Fmedia&parent=958"}],"curies":[{"name":"wp","href":"https:\/\/api.w.org\/{rel}","templated":true}]}}