{"id":949,"date":"2025-05-28T08:08:05","date_gmt":"2025-05-28T06:08:05","guid":{"rendered":"https:\/\/lacarapace.com\/?page_id=949"},"modified":"2025-10-22T11:16:36","modified_gmt":"2025-10-22T09:16:36","slug":"nous-soutenir","status":"publish","type":"page","link":"https:\/\/lacarapace.com\/?page_id=949","title":{"rendered":"Achetons ensemble"},"content":{"rendered":"\n<p><br><br>Nous allons acheter ce lieu ensemble&nbsp;!<\/p>\n\n\n\n<p>L\u2019id\u00e9e est de tirer pleinement parti de nos r\u00e9seaux et d\u2019acheter aupr\u00e8s du plus grand nombre afin de pouvoir un jour renouveler l\u2019exp\u00e9rience ailleurs. Nous souhaitons et esp\u00e9rons recevoir cette somme.<\/p>\n\n\n\n<p>Tous les dons sont les bienvenus :&nbsp; chacun, de 20\u20ac \u00e0 20 000\u20ac, d\u00e9ductible des imp\u00f4ts \u00e0 66 %, ou par un don r\u00e9current, \u00e9galement d\u00e9ductible des imp\u00f4ts \u00e0 66 %. <\/p>\n\n\n\n<p>Votre soutien financier contribuera \u00e0 la r\u00e9alisation de ce projet. Nous tiendrons les donateurs inform\u00e9s de notre d\u00e9marche et, si nous n\u2019atteignons pas notre objectif, <strong>tous les dons seront revers\u00e9s aux donateurs.<\/strong><\/p>\n\n\n\n<p><strong>Un re\u00e7u fiscal est disponible \u00e0 la demande pour tout don.<\/strong><\/p>\n\n\n\n<p>Vous pouvez vous rendre directement sur la page helloasso: <a href=\"https:\/\/www.helloasso.com\/associations\/la-carapace-de-bellenaves\/collectes\/carapace-collecte\/\">https:\/\/www.helloasso.com\/associations\/la-carapace-de-bellenaves\/collectes\/carapace-collecte\/<\/a><br>ou via le formulaire suivant:<\/p>\n\n\n\n<div class=\"wp-block-brad-border-box\">\t\t\t<iframe\n\t\t\t\tid=\"idIframe\"\n\t\t\t\tsrc=\"https:\/\/www.helloasso.com\/associations\/la-carapace-de-bellenaves\/collectes\/carapace-collecte\/widget\"\n\t\t\t\theight=450px\"\t\t\t\twidth=100%\"\t\t\t\tframeborder=\"0\"\n\t\t\t\tloading=\"lazy\"\n\t\t\t\tallowtransparency=\"true\"\n\t\t\t\tonload=\"resizeIframeMessage()\"><\/iframe>\n<\/div>\n\n\n\n<p><\/p>\n\n\n\n<p>Contacts\u00a0: <a href=\"mailto:carapace.prop@gmail.com\">carapace.prop@gmail.com<\/a><\/p>\n\n\n\n<p>Vous pouvez faire un don directement sur le RIB de l&rsquo;association:<\/p>\n\n\n\n<pre class=\"wp-block-preformatted\">IBAN: FR76 1027 8116 2700 0203 9720 140\nBIC: CMCIFR2A<\/pre>\n\n\n\n<blockquote class=\"wp-block-quote is-layout-flow wp-block-quote-is-layout-flow\">\n<p>\u201cL\u2019immobilier ne peut pas \u00eatre perdu ou vol\u00e9, ni emport\u00e9. G\u00e9r\u00e9 avec soin, il est la source de s\u00e9curit\u00e9 la plus s\u00fbre au monde.\u201d<\/p>\n<\/blockquote>\n\n\n\n<hr class=\"wp-block-separator has-alpha-channel-opacity\"\/>\n\n\n\n<p>Nous acceptons aussi les dons en cryptomonnaie, directement aupr\u00e8s de l&rsquo;adresse bitcoin: <\/p>\n\n\n\n<div class=\"wp-block-group is-nowrap is-layout-flex wp-container-core-group-is-layout-6c531013 wp-block-group-is-layout-flex\">\n<figure class=\"wp-block-image size-large is-resized\"><img loading=\"lazy\" decoding=\"async\" width=\"760\" height=\"1024\" src=\"http:\/\/lacarapace.com\/wp-content\/uploads\/2025\/08\/toppng.com-bitcoin-text-logo-minimalist-900x1213-1-760x1024.png\" alt=\"\" class=\"wp-image-1017\" style=\"width:57px;height:auto\" srcset=\"https:\/\/lacarapace.com\/wp-content\/uploads\/2025\/08\/toppng.com-bitcoin-text-logo-minimalist-900x1213-1-760x1024.png 760w, https:\/\/lacarapace.com\/wp-content\/uploads\/2025\/08\/toppng.com-bitcoin-text-logo-minimalist-900x1213-1-223x300.png 223w, https:\/\/lacarapace.com\/wp-content\/uploads\/2025\/08\/toppng.com-bitcoin-text-logo-minimalist-900x1213-1-768x1035.png 768w, https:\/\/lacarapace.com\/wp-content\/uploads\/2025\/08\/toppng.com-bitcoin-text-logo-minimalist-900x1213-1.png 900w\" sizes=\"auto, (max-width: 760px) 100vw, 760px\" \/><\/figure>\n\n\n\n<p>bc1qlxrgtsa0pa4cdrz5axvf74wpsgyetsu44psv38<\/p>\n<\/div>\n\n\n\n<p><em>Les dons en cryptomonnaie ne peuvent pas donner lieu \u00e0 un re\u00e7u fiscal<\/em><\/p>\n","protected":false},"excerpt":{"rendered":"<p>Nous allons acheter ce lieu ensemble&nbsp;! L\u2019id\u00e9e est de tirer pleinement parti de nos r\u00e9seaux et d\u2019acheter aupr\u00e8s du plus grand nombre afin de pouvoir un jour renouveler l\u2019exp\u00e9rience ailleurs. Nous souhaitons et esp\u00e9rons recevoir cette somme. Tous les dons sont les bienvenus :&nbsp; chacun, de 20\u20ac \u00e0 20 000\u20ac, d\u00e9ductible des imp\u00f4ts \u00e0 66 [&hellip;]<\/p>\n","protected":false},"author":1,"featured_media":0,"parent":0,"menu_order":0,"comment_status":"closed","ping_status":"closed","template":"","meta":{"footnotes":""},"class_list":["post-949","page","type-page","status-publish","hentry"],"_links":{"self":[{"href":"https:\/\/lacarapace.com\/index.php?rest_route=\/wp\/v2\/pages\/949","targetHints":{"allow":["GET"]}}],"collection":[{"href":"https:\/\/lacarapace.com\/index.php?rest_route=\/wp\/v2\/pages"}],"about":[{"href":"https:\/\/lacarapace.com\/index.php?rest_route=\/wp\/v2\/types\/page"}],"author":[{"embeddable":true,"href":"https:\/\/lacarapace.com\/index.php?rest_route=\/wp\/v2\/users\/1"}],"replies":[{"embeddable":true,"href":"https:\/\/lacarapace.com\/index.php?rest_route=%2Fwp%2Fv2%2Fcomments&post=949"}],"version-history":[{"count":19,"href":"https:\/\/lacarapace.com\/index.php?rest_route=\/wp\/v2\/pages\/949\/revisions"}],"predecessor-version":[{"id":1138,"href":"https:\/\/lacarapace.com\/index.php?rest_route=\/wp\/v2\/pages\/949\/revisions\/1138"}],"wp:attachment":[{"href":"https:\/\/lacarapace.com\/index.php?rest_route=%2Fwp%2Fv2%2Fmedia&parent=949"}],"curies":[{"name":"wp","href":"https:\/\/api.w.org\/{rel}","templated":true}]}}