{"id":941,"date":"2025-05-27T16:12:34","date_gmt":"2025-05-27T14:12:34","guid":{"rendered":"https:\/\/lacarapace.com\/?page_id=941"},"modified":"2025-10-14T10:08:32","modified_gmt":"2025-10-14T08:08:32","slug":"cest-ou","status":"publish","type":"page","link":"https:\/\/lacarapace.com\/?page_id=941","title":{"rendered":"C&rsquo;est o\u00f9?"},"content":{"rendered":"\n<p id=\"block-681b54e2-fbef-4d61-bb38-a4f372f105a8\">La Carapace est situ\u00e9e \u00e0 Bellenaves (03330) dans le sud-est de l&rsquo;Allier. Cette jolie bourgade de 1000 habitant.e.s poss\u00e8de l&rsquo;ensemble des commerces et services n\u00e9cessaires (centre m\u00e9dical et pharmacie, march\u00e9 hebdomadaire, associations d\u2019entraide ou de loisirs\u2026). \u00c9cole maternelle\/primaire et coll\u00e8ge y sont pr\u00e9sents.<\/p>\n\n\n\n<p>Bellenaves est desservie par le car : la ligne B05 permet aux Bellenavois.es de se rendre en bus \u00e0 Gannat ou Vichy et certains horaires permettent une correspondance avec le train \u00e0 destination de Paris-Bercy.<\/p>\n\n\n\n<p id=\"block-e9453899-a655-4ca5-842d-193385608689\">Situ\u00e9e \u00e0 2 km \u00e0 l\u2019Ouest du centre-bourg, la gare de Bellenaves se trouve sur la ligne Montlu\u00e7on \u2013 Clermont-Ferrand. Le train s\u2019y arr\u00eate 6 fois par jour !\u00a0<\/p>\n\n\n\n<figure class=\"wp-block-image size-full\" id=\"block-88848f2a-b3aa-4611-a985-dca1ad3ccdfa\"><img loading=\"lazy\" decoding=\"async\" width=\"736\" height=\"698\" src=\"https:\/\/lacarapace.com\/wp-content\/uploads\/2025\/05\/carte_bellenaves-3.png\" alt=\"\" class=\"wp-image-947\" srcset=\"https:\/\/lacarapace.com\/wp-content\/uploads\/2025\/05\/carte_bellenaves-3.png 736w, https:\/\/lacarapace.com\/wp-content\/uploads\/2025\/05\/carte_bellenaves-3-300x285.png 300w\" sizes=\"auto, (max-width: 736px) 100vw, 736px\" \/><\/figure>\n","protected":false},"excerpt":{"rendered":"<p>La Carapace est situ\u00e9e \u00e0 Bellenaves (03330) dans le sud-est de l&rsquo;Allier. Cette jolie bourgade de 1000 habitant.e.s poss\u00e8de l&rsquo;ensemble des commerces et services n\u00e9cessaires (centre m\u00e9dical et pharmacie, march\u00e9 hebdomadaire, associations d\u2019entraide ou de loisirs\u2026). \u00c9cole maternelle\/primaire et coll\u00e8ge y sont pr\u00e9sents. Bellenaves est desservie par le car : la ligne B05 permet aux [&hellip;]<\/p>\n","protected":false},"author":1,"featured_media":0,"parent":0,"menu_order":0,"comment_status":"closed","ping_status":"closed","template":"","meta":{"footnotes":""},"class_list":["post-941","page","type-page","status-publish","hentry"],"_links":{"self":[{"href":"https:\/\/lacarapace.com\/index.php?rest_route=\/wp\/v2\/pages\/941","targetHints":{"allow":["GET"]}}],"collection":[{"href":"https:\/\/lacarapace.com\/index.php?rest_route=\/wp\/v2\/pages"}],"about":[{"href":"https:\/\/lacarapace.com\/index.php?rest_route=\/wp\/v2\/types\/page"}],"author":[{"embeddable":true,"href":"https:\/\/lacarapace.com\/index.php?rest_route=\/wp\/v2\/users\/1"}],"replies":[{"embeddable":true,"href":"https:\/\/lacarapace.com\/index.php?rest_route=%2Fwp%2Fv2%2Fcomments&post=941"}],"version-history":[{"count":6,"href":"https:\/\/lacarapace.com\/index.php?rest_route=\/wp\/v2\/pages\/941\/revisions"}],"predecessor-version":[{"id":960,"href":"https:\/\/lacarapace.com\/index.php?rest_route=\/wp\/v2\/pages\/941\/revisions\/960"}],"wp:attachment":[{"href":"https:\/\/lacarapace.com\/index.php?rest_route=%2Fwp%2Fv2%2Fmedia&parent=941"}],"curies":[{"name":"wp","href":"https:\/\/api.w.org\/{rel}","templated":true}]}}